{"id":287,"date":"2025-07-17T01:09:40","date_gmt":"2025-07-17T01:09:40","guid":{"rendered":"https:\/\/ww1.tiankii.com\/?page_id=287"},"modified":"2025-12-17T21:43:05","modified_gmt":"2025-12-17T21:43:05","slug":"platform-overview","status":"publish","type":"page","link":"https:\/\/www.tiankii.com\/es\/platform-overview\/","title":{"rendered":"Resumen de Plataforma"},"content":{"rendered":"<div class=\"wp-block-group alignfull has-background is-layout-constrained wp-container-core-group-is-layout-e6f1036d wp-block-group-is-layout-constrained\" style=\"background:linear-gradient(180deg,rgb(19,22,198) 84%,rgb(93,117,87) 95%);margin-top:0;margin-bottom:0;padding-top:0;padding-right:0;padding-bottom:0;padding-left:0;background-image:url(&#039;https:\/\/ww1.tiankii.com\/wp-content\/uploads\/sites\/4\/2025\/07\/Blog-2_NOV_2023.jpg&#039;);background-size:cover;\">\n<div class=\"wp-block-cover\" style=\"margin-top:0;margin-bottom:0;padding-top:var(--wp--preset--spacing--50);padding-right:var(--wp--preset--spacing--40);padding-bottom:var(--wp--preset--spacing--50);padding-left:var(--wp--preset--spacing--40);min-height:635px;aspect-ratio:unset;\"><span aria-hidden=\"true\" class=\"wp-block-cover__background has-background-dim-60 has-background-dim has-background-gradient\" style=\"background:linear-gradient(176deg,rgb(189,80,15) 51%,rgb(143,8,247) 100%)\"><\/span><div class=\"wp-block-cover__inner-container is-layout-constrained wp-container-core-cover-is-layout-701fd9ca wp-block-cover-is-layout-constrained\">\n<p class=\"has-text-align-center has-light-color-color has-text-color has-link-color has-medium-font-size wp-elements-6a41c29de073fa2c8d90a1e37a9129b7\">Resumen de Plataforma<\/p>\n\n\n\n<h1 class=\"wp-block-heading has-text-align-center has-light-color-color has-text-color has-link-color has-xx-large-font-size wp-elements-f6d77a83d206c81395cca470cec8e056\" style=\"font-style:normal;font-weight:400;line-height:1.4\">Impulsando a las organizaciones con productos Bitcoin\u26a1\ufe0f de \u00faltima generaci\u00f3n<\/h1>\n\n\n\n<p class=\"has-text-align-center has-light-color-color has-text-color has-link-color has-medium-font-size wp-elements-ed0cbafd4d7279ee0987e89f823b90c9\">Liberando el poder de Bitcoin para todos<\/p>\n<\/div><\/div>\n<\/div>\n\n\n\n<div class=\"wp-block-group alignfull has-background-background-color has-background is-layout-constrained wp-container-core-group-is-layout-e6f1036d wp-block-group-is-layout-constrained\" style=\"border-top-style:none;border-top-width:0px;margin-top:0;margin-bottom:0;padding-top:0;padding-right:0;padding-bottom:0;padding-left:0\">\n<div class=\"wp-block-cover is-light wp-duotone-unset-1\" style=\"margin-top:0;margin-bottom:0;padding-top:var(--wp--preset--spacing--40);padding-right:var(--wp--preset--spacing--70);padding-bottom:var(--wp--preset--spacing--30);padding-left:var(--wp--preset--spacing--70);min-height:368px;aspect-ratio:unset;\"><span aria-hidden=\"true\" class=\"wp-block-cover__background has-background-background-color has-background-dim-100 has-background-dim\"><\/span><div class=\"wp-block-cover__inner-container is-layout-flow wp-container-core-cover-is-layout-6e2b76e6 wp-block-cover-is-layout-flow\">\n<h1 class=\"wp-block-heading has-text-align-center has-heading-color-color has-text-color has-link-color has-xx-large-font-size wp-elements-02c2ce4f3018ebabc598de75c16d5e75\" style=\"font-style:normal;font-weight:700;line-height:1.4\">Descripci\u00f3n General de la Plataforma Tiankii<\/h1>\n\n\n\n<p class=\"has-text-align-center has-dark-shade-color has-text-color has-link-color has-normal-font-size wp-elements-64560bc7aaa9d18509fe386daac4f8ae\">En Tiankii, nuestra misi\u00f3n es simplificar la adopci\u00f3n de Bitcoin Lightning para empresas y corporaciones. Para lograrlo, hemos desarrollado el Bitcoin Command Center, el centro definitivo para organizaciones que buscan equipar a sus equipos y eventos con potentes herramientas en Bitcoin. El Bitcoin Command Center brinda a las empresas soluciones Bitcoin autocustodiadas, de clase mundial y listas para el entorno empresarial.<\/p>\n\n\n\n<p class=\"has-text-align-center has-dark-shade-color has-text-color has-link-color has-normal-font-size wp-elements-eab1056f31273fde4fe80de91a8daf47\">El Bitcoin Command Center simplifica el acceso a la Lightning Network, la revolucionaria tecnolog\u00eda de pagos de segunda capa de Bitcoin. Ayuda a las empresas a procesar pagos en Bitcoin sin esfuerzo, emitir tarjetas o monederos Bitcoin para cada empleado, convertir direcciones de correo electr\u00f3nico en Lightning Addresses y realizar pagos masivos en Bitcoin. Adem\u00e1s, la empresa puede gestionar tarjetas NFC y Lightning Addresses en su propio dominio y nodo Lightning, aprovechando la infraestructura de \u00faltima generaci\u00f3n y nivel empresarial de Tiankii.<\/p>\n<\/div><\/div>\n<\/div>\n\n\n\n<div class=\"wp-block-group alignfull has-background-background-color has-background is-layout-constrained wp-container-core-group-is-layout-e6f1036d wp-block-group-is-layout-constrained\" style=\"border-top-style:none;border-top-width:0px;margin-top:0;margin-bottom:0;padding-top:0;padding-right:0;padding-bottom:0;padding-left:0\">\n<div class=\"wp-block-cover is-light wp-duotone-unset-2\" style=\"margin-top:0;margin-bottom:0;padding-top:var(--wp--preset--spacing--60);padding-right:var(--wp--preset--spacing--70);padding-bottom:var(--wp--preset--spacing--70);padding-left:var(--wp--preset--spacing--70);min-height:455px;aspect-ratio:unset;\"><span aria-hidden=\"true\" class=\"wp-block-cover__background has-background-background-color has-background-dim-100 has-background-dim\"><\/span><div class=\"wp-block-cover__inner-container is-layout-flow wp-container-core-cover-is-layout-05b08c74 wp-block-cover-is-layout-flow\">\n<h1 class=\"wp-block-heading has-text-align-center has-heading-color-color has-text-color has-link-color has-x-large-font-size wp-elements-c58998a3d57f6d153d1cf12dfe9d86df\" style=\"font-style:normal;font-weight:700;line-height:1.4\">El Esquema de Pagos Sin Contacto con Bitcoin<\/h1>\n\n\n\n<p class=\"has-text-align-center has-dark-shade-color has-text-color has-link-color has-normal-font-size wp-elements-7718f301bce269c935c9087df700d2d4\">Como tecnolog\u00eda base, hemos desarrollado una plataforma llamada The Bitcoin Contactless Payments Scheme, construida sobre la red monetaria global y abierta de Bitcoin, utilizando protocolos modernos como la Lightning Network y est\u00e1ndares abiertos como LNURL y el protocolo Boltcard.\n\nEsta red de pagos descentralizada permite procesar pagos en Bitcoin sin contacto y emitir identificadores de pago f\u00e1ciles de leer para todas las personas y todo tipo de dispositivos.<\/p>\n\n\n\n<figure class=\"wp-block-image aligncenter size-large\"><img loading=\"lazy\" decoding=\"async\" width=\"1024\" height=\"711\" src=\"https:\/\/ww1.tiankii.com\/wp-content\/uploads\/sites\/4\/2025\/07\/optimized_Bitcoin-Contactless-Payment-Schema-v2_1110x770-1024x711.jpg\" alt=\"\" class=\"wp-image-828\" srcset=\"https:\/\/www.tiankii.com\/wp-content\/uploads\/sites\/4\/2025\/07\/optimized_Bitcoin-Contactless-Payment-Schema-v2_1110x770-1024x711.jpg 1024w, https:\/\/www.tiankii.com\/wp-content\/uploads\/sites\/4\/2025\/07\/optimized_Bitcoin-Contactless-Payment-Schema-v2_1110x770-300x208.jpg 300w, https:\/\/www.tiankii.com\/wp-content\/uploads\/sites\/4\/2025\/07\/optimized_Bitcoin-Contactless-Payment-Schema-v2_1110x770-768x533.jpg 768w, https:\/\/www.tiankii.com\/wp-content\/uploads\/sites\/4\/2025\/07\/optimized_Bitcoin-Contactless-Payment-Schema-v2_1110x770-18x12.jpg 18w, https:\/\/www.tiankii.com\/wp-content\/uploads\/sites\/4\/2025\/07\/optimized_Bitcoin-Contactless-Payment-Schema-v2_1110x770.jpg 1109w\" sizes=\"auto, (max-width: 1024px) 100vw, 1024px\" \/><\/figure>\n\n\n\n<p class=\"has-text-align-left has-dark-shade-color has-text-color has-link-color has-normal-font-size wp-elements-2126a462d7da61ffbdb5903e25936645\">El Esquema de Tarjetas Bitcoin\nEl Bitcoin Card Scheme es una red de pagos abierta, descentralizada y sin permisos, similar a Visa o Mastercard, pero construida sobre la red Bitcoin, que facilita las transacciones con tarjetas Bitcoin.\n\nAdministra las operaciones, la emisi\u00f3n y los procesos de compensaci\u00f3n, adem\u00e1s de establecer las reglas para que los titulares de tarjetas puedan usarlas con los comercios.\n\nGracias a su naturaleza abierta y descentralizada, cualquier empresa, econom\u00eda circular de Bitcoin o individuo puede convertirse en miembro o emisor dentro de la red, emitiendo tarjetas del esquema o identificadores de pago legibles para humanos, y recibiendo fondos de las transacciones de manera autocustodiada.<\/p>\n<\/div><\/div>\n<\/div>\n\n\n\n<div class=\"wp-block-group alignfull has-background-background-color has-background is-layout-constrained wp-container-core-group-is-layout-e6f1036d wp-block-group-is-layout-constrained\" style=\"border-top-style:none;border-top-width:0px;margin-top:0;margin-bottom:0;padding-top:0;padding-right:0;padding-bottom:0;padding-left:0\">\n<div class=\"wp-block-cover is-light wp-duotone-unset-3\" style=\"margin-top:0;margin-bottom:0;padding-top:var(--wp--preset--spacing--40);padding-right:var(--wp--preset--spacing--40);padding-bottom:var(--wp--preset--spacing--70);padding-left:var(--wp--preset--spacing--40);min-height:411px;aspect-ratio:unset;\"><span aria-hidden=\"true\" class=\"wp-block-cover__background has-background-background-color has-background-dim-100 has-background-dim\"><\/span><div class=\"wp-block-cover__inner-container is-layout-constrained wp-container-core-cover-is-layout-6b47a956 wp-block-cover-is-layout-constrained\">\n<div class=\"wp-block-columns is-layout-flex wp-container-core-columns-is-layout-28f84493 wp-block-columns-is-layout-flex\">\n<div class=\"wp-block-column is-layout-flow wp-block-column-is-layout-flow\">\n<h2 class=\"wp-block-heading has-x-large-font-size\">Soluci\u00f3n de autocustodia.&nbsp;<\/h2>\n\n\n\n<p class=\"has-black-color has-text-color has-link-color has-normal-font-size wp-elements-f57dc27e988411449b543dc0f6b33363\">Fiel a las ra\u00edces de Bitcoin: en el esp\u00edritu del ethos descentralizado de Bitcoin, el Bitcoin Command Center se alojar\u00e1 en el dominio de tu empresa y estar\u00e1 conectado a tu propio nodo Lightning.<\/p>\n\n\n\n<p class=\"has-black-color has-text-color has-link-color has-normal-font-size wp-elements-6a1d2292d97a8d4dd84c37f834c2ffca\">Esta soluci\u00f3n incluye un nodo de la Bitcoin Lightning Network alojado por tu Lightning Service Provider (LSP) o en tu propia infraestructura (por ejemplo, un Phoenix Wallet Server) con gesti\u00f3n autom\u00e1tica de liquidez. Este nodo aloja inicialmente todas las tarjetas y billeteras de los empleados. Una vez que los usuarios activan sus tarjetas y comienzan a usar la aplicaci\u00f3n IBI, pueden conectar sus tarjetas a su propia billetera Lightning custodial o a su propio nodo.<\/p>\n<\/div>\n\n\n\n<div class=\"wp-block-column is-layout-flow wp-block-column-is-layout-flow\">\n<div class=\"wp-block-group is-vertical is-layout-flex wp-container-core-group-is-layout-fe9cc265 wp-block-group-is-layout-flex\">\n<h6 class=\"wp-block-heading has-normal-font-size\">Nativo de Lightning Network<\/h6>\n\n\n\n<p class=\"has-small-font-size\">Phoenix est\u00e1 construido con la Lightning Network en su n\u00facleo, lo que permite transacciones en Bitcoin r\u00e1pidas y de bajo costo. Gestiona autom\u00e1ticamente la complejidad de los canales de Lightning, haci\u00e9ndolo f\u00e1cil de usar.<\/p>\n\n\n\n<h6 class=\"wp-block-heading has-normal-font-size\">Autocustodia<\/h6>\n\n\n\n<p class=\"has-small-font-size\">Mantienes el control total de tus claves privadas, lo que significa que tienes plena propiedad y responsabilidad sobre tu Bitcoin.<\/p>\n\n\n\n<h6 class=\"wp-block-heading has-normal-font-size\">C\u00f3digo Abierto<\/h6>\n\n\n\n<p class=\"has-small-font-size\">El c\u00f3digo de la billetera es p\u00fablico y abierto, lo que permite transparencia y la contribuci\u00f3n de la comunidad.<\/p>\n<\/div>\n<\/div>\n<\/div>\n<\/div><\/div>\n<\/div>\n\n\n\n<div class=\"wp-block-group alignfull has-background is-layout-constrained wp-container-core-group-is-layout-c3f79fca wp-block-group-is-layout-constrained\" style=\"background-color:#d37d2e;margin-top:0;margin-bottom:0;padding-top:var(--wp--preset--spacing--80);padding-right:var(--wp--preset--spacing--40);padding-bottom:var(--wp--preset--spacing--80);padding-left:var(--wp--preset--spacing--40)\">\n<div class=\"wp-block-columns are-vertically-aligned-center is-layout-flex wp-container-core-columns-is-layout-9299eddc wp-block-columns-is-layout-flex\" style=\"margin-top:0;margin-bottom:0;padding-top:0;padding-bottom:0\">\n<div class=\"wp-block-column is-vertically-aligned-center is-layout-flow wp-container-core-column-is-layout-119bc444 wp-block-column-is-layout-flow\">\n<h1 class=\"wp-block-heading has-text-align-left has-light-color-color has-text-color has-link-color wp-elements-aa4699adca8a1b278476b87272f80d1a\" style=\"font-size:clamp(27.894px, 1.743rem + ((1vw - 3.2px) * 1.226), 48px);font-style:normal;font-weight:600;line-height:1.4\">\u00bfListo para desbloquear el poder de Bitcoin en tu organizaci\u00f3n?<\/h1>\n\n\n\n<p class=\"has-text-align-left has-background-color has-text-color has-link-color has-medium-font-size wp-elements-0ccdde9d47529b53dac32e9695dc8ad7\">Cont\u00e1ctanos hoy mismo para conocer m\u00e1s sobre el Bitcoin Command Center.<\/p>\n<\/div>\n\n\n\n<div class=\"wp-block-column is-vertically-aligned-center is-layout-flow wp-block-column-is-layout-flow\" style=\"flex-basis:25%\">\n<div class=\"wp-block-buttons is-style-button-zoom-on-hover is-content-justification-center is-layout-flex wp-container-core-buttons-is-layout-457817ba wp-block-buttons-is-layout-flex\" style=\"margin-top:0px\">\n<div class=\"wp-block-button is-style-button-hover-secondary-bgcolor cozy-button-hover-styles\" style=\"; --cozyButtonBgColorHover: #000000; --cozyButtonColorHover: ; --cozyButtonBorderHover: ; \"><a class=\"wp-block-button__link has-black-background-color has-text-color has-background has-link-color has-medium-font-size has-custom-font-size wp-element-button\" style=\"border-radius:10px;color:#d37d2e;padding-top:11px;padding-right:34px;padding-bottom:11px;padding-left:34px;font-style:normal;font-weight:400\">CONTACT US<\/a><\/div>\n<\/div>\n<\/div>\n<\/div>\n<\/div>","protected":false},"excerpt":{"rendered":"<p>Ready to unlock the power of Bitcoin for your organization? Contact us today to learn more about the Bitcoin Command Center<\/p>","protected":false},"author":4,"featured_media":0,"parent":0,"menu_order":0,"comment_status":"closed","ping_status":"closed","template":"blank-with-header-footer","meta":{"footnotes":""},"class_list":["post-287","page","type-page","status-publish","hentry"],"yoast_head":"<!-- This site is optimized with the Yoast SEO plugin v25.3 - https:\/\/yoast.com\/wordpress\/plugins\/seo\/ -->\n<title>Tiankii Platform Overview Innovative Crypto &amp; Blockchain Solutions<\/title>\n<meta name=\"description\" content=\"Discover the Tiankii platform\u2014offering cutting-edge crypto and blockchain solutions for businesses. Secure, scalable, and innovative Bitcoin and digital payment integration. Explore our technology today!\" \/>\n<meta name=\"robots\" content=\"index, follow, max-snippet:-1, max-image-preview:large, max-video-preview:-1\" \/>\n<link rel=\"canonical\" href=\"https:\/\/www.tiankii.com\/es\/platform-overview\/\" \/>\n<meta property=\"og:locale\" content=\"es_MX\" \/>\n<meta property=\"og:type\" content=\"article\" \/>\n<meta property=\"og:title\" content=\"Tiankii Platform Overview Innovative Crypto &amp; Blockchain Solutions\" \/>\n<meta property=\"og:description\" content=\"Discover the Tiankii platform\u2014offering cutting-edge crypto and blockchain solutions for businesses. Secure, scalable, and innovative Bitcoin and digital payment integration. Explore our technology today!\" \/>\n<meta property=\"og:url\" content=\"https:\/\/www.tiankii.com\/es\/platform-overview\/\" \/>\n<meta property=\"og:site_name\" content=\"Tiankii\" \/>\n<meta property=\"article:modified_time\" content=\"2025-12-17T21:43:05+00:00\" \/>\n<meta property=\"og:image\" content=\"https:\/\/ww1.tiankii.com\/wp-content\/uploads\/sites\/4\/2025\/07\/optimized_Bitcoin-Contactless-Payment-Schema-v2_1110x770-1024x711.jpg\" \/>\n<meta name=\"twitter:card\" content=\"summary_large_image\" \/>\n<meta name=\"twitter:label1\" content=\"Tiempo de lectura\" \/>\n\t<meta name=\"twitter:data1\" content=\"3 minutos\" \/>\n<script type=\"application\/ld+json\" class=\"yoast-schema-graph\">{\"@context\":\"https:\/\/schema.org\",\"@graph\":[{\"@type\":\"WebPage\",\"@id\":\"https:\/\/www.tiankii.com\/platform-overview\/\",\"url\":\"https:\/\/www.tiankii.com\/platform-overview\/\",\"name\":\"Tiankii Platform Overview Innovative Crypto & Blockchain Solutions\",\"isPartOf\":{\"@id\":\"https:\/\/www.tiankii.com\/#website\"},\"primaryImageOfPage\":{\"@id\":\"https:\/\/www.tiankii.com\/platform-overview\/#primaryimage\"},\"image\":{\"@id\":\"https:\/\/www.tiankii.com\/platform-overview\/#primaryimage\"},\"thumbnailUrl\":\"https:\/\/ww1.tiankii.com\/wp-content\/uploads\/sites\/4\/2025\/07\/optimized_Bitcoin-Contactless-Payment-Schema-v2_1110x770-1024x711.jpg\",\"datePublished\":\"2025-07-17T01:09:40+00:00\",\"dateModified\":\"2025-12-17T21:43:05+00:00\",\"description\":\"Discover the Tiankii platform\u2014offering cutting-edge crypto and blockchain solutions for businesses. Secure, scalable, and innovative Bitcoin and digital payment integration. Explore our technology today!\",\"breadcrumb\":{\"@id\":\"https:\/\/www.tiankii.com\/platform-overview\/#breadcrumb\"},\"inLanguage\":\"es\",\"potentialAction\":[{\"@type\":\"ReadAction\",\"target\":[\"https:\/\/www.tiankii.com\/platform-overview\/\"]}]},{\"@type\":\"ImageObject\",\"inLanguage\":\"es\",\"@id\":\"https:\/\/www.tiankii.com\/platform-overview\/#primaryimage\",\"url\":\"https:\/\/ww1.tiankii.com\/wp-content\/uploads\/sites\/4\/2025\/07\/optimized_Bitcoin-Contactless-Payment-Schema-v2_1110x770-1024x711.jpg\",\"contentUrl\":\"https:\/\/ww1.tiankii.com\/wp-content\/uploads\/sites\/4\/2025\/07\/optimized_Bitcoin-Contactless-Payment-Schema-v2_1110x770-1024x711.jpg\"},{\"@type\":\"BreadcrumbList\",\"@id\":\"https:\/\/www.tiankii.com\/platform-overview\/#breadcrumb\",\"itemListElement\":[{\"@type\":\"ListItem\",\"position\":1,\"name\":\"Home\",\"item\":\"https:\/\/www.tiankii.com\/\"},{\"@type\":\"ListItem\",\"position\":2,\"name\":\"Platform Overview\"}]},{\"@type\":\"WebSite\",\"@id\":\"https:\/\/www.tiankii.com\/#website\",\"url\":\"https:\/\/www.tiankii.com\/\",\"name\":\"Tiankii\",\"description\":\"\",\"publisher\":{\"@id\":\"https:\/\/www.tiankii.com\/#organization\"},\"potentialAction\":[{\"@type\":\"SearchAction\",\"target\":{\"@type\":\"EntryPoint\",\"urlTemplate\":\"https:\/\/www.tiankii.com\/?s={search_term_string}\"},\"query-input\":{\"@type\":\"PropertyValueSpecification\",\"valueRequired\":true,\"valueName\":\"search_term_string\"}}],\"inLanguage\":\"es\"},{\"@type\":\"Organization\",\"@id\":\"https:\/\/www.tiankii.com\/#organization\",\"name\":\"Tiankii\",\"url\":\"https:\/\/www.tiankii.com\/\",\"logo\":{\"@type\":\"ImageObject\",\"inLanguage\":\"es\",\"@id\":\"https:\/\/www.tiankii.com\/#\/schema\/logo\/image\/\",\"url\":\"https:\/\/www.tiankii.com\/wp-content\/uploads\/sites\/4\/2025\/12\/Logotipo-blanco-gradiente-sin-fondo-2-1.png\",\"contentUrl\":\"https:\/\/www.tiankii.com\/wp-content\/uploads\/sites\/4\/2025\/12\/Logotipo-blanco-gradiente-sin-fondo-2-1.png\",\"width\":1600,\"height\":582,\"caption\":\"Tiankii\"},\"image\":{\"@id\":\"https:\/\/www.tiankii.com\/#\/schema\/logo\/image\/\"}}]}<\/script>\n<!-- \/ Yoast SEO plugin. -->","yoast_head_json":{"title":"Tiankii Platform Overview Innovative Crypto & Blockchain Solutions","description":"Discover the Tiankii platform\u2014offering cutting-edge crypto and blockchain solutions for businesses. Secure, scalable, and innovative Bitcoin and digital payment integration. Explore our technology today!","robots":{"index":"index","follow":"follow","max-snippet":"max-snippet:-1","max-image-preview":"max-image-preview:large","max-video-preview":"max-video-preview:-1"},"canonical":"https:\/\/www.tiankii.com\/es\/platform-overview\/","og_locale":"es_MX","og_type":"article","og_title":"Tiankii Platform Overview Innovative Crypto & Blockchain Solutions","og_description":"Discover the Tiankii platform\u2014offering cutting-edge crypto and blockchain solutions for businesses. Secure, scalable, and innovative Bitcoin and digital payment integration. Explore our technology today!","og_url":"https:\/\/www.tiankii.com\/es\/platform-overview\/","og_site_name":"Tiankii","article_modified_time":"2025-12-17T21:43:05+00:00","og_image":[{"url":"https:\/\/ww1.tiankii.com\/wp-content\/uploads\/sites\/4\/2025\/07\/optimized_Bitcoin-Contactless-Payment-Schema-v2_1110x770-1024x711.jpg","type":"","width":"","height":""}],"twitter_card":"summary_large_image","twitter_misc":{"Tiempo de lectura":"3 minutos"},"schema":{"@context":"https:\/\/schema.org","@graph":[{"@type":"WebPage","@id":"https:\/\/www.tiankii.com\/platform-overview\/","url":"https:\/\/www.tiankii.com\/platform-overview\/","name":"Tiankii Platform Overview Innovative Crypto & Blockchain Solutions","isPartOf":{"@id":"https:\/\/www.tiankii.com\/#website"},"primaryImageOfPage":{"@id":"https:\/\/www.tiankii.com\/platform-overview\/#primaryimage"},"image":{"@id":"https:\/\/www.tiankii.com\/platform-overview\/#primaryimage"},"thumbnailUrl":"https:\/\/ww1.tiankii.com\/wp-content\/uploads\/sites\/4\/2025\/07\/optimized_Bitcoin-Contactless-Payment-Schema-v2_1110x770-1024x711.jpg","datePublished":"2025-07-17T01:09:40+00:00","dateModified":"2025-12-17T21:43:05+00:00","description":"Discover the Tiankii platform\u2014offering cutting-edge crypto and blockchain solutions for businesses. Secure, scalable, and innovative Bitcoin and digital payment integration. Explore our technology today!","breadcrumb":{"@id":"https:\/\/www.tiankii.com\/platform-overview\/#breadcrumb"},"inLanguage":"es","potentialAction":[{"@type":"ReadAction","target":["https:\/\/www.tiankii.com\/platform-overview\/"]}]},{"@type":"ImageObject","inLanguage":"es","@id":"https:\/\/www.tiankii.com\/platform-overview\/#primaryimage","url":"https:\/\/ww1.tiankii.com\/wp-content\/uploads\/sites\/4\/2025\/07\/optimized_Bitcoin-Contactless-Payment-Schema-v2_1110x770-1024x711.jpg","contentUrl":"https:\/\/ww1.tiankii.com\/wp-content\/uploads\/sites\/4\/2025\/07\/optimized_Bitcoin-Contactless-Payment-Schema-v2_1110x770-1024x711.jpg"},{"@type":"BreadcrumbList","@id":"https:\/\/www.tiankii.com\/platform-overview\/#breadcrumb","itemListElement":[{"@type":"ListItem","position":1,"name":"Home","item":"https:\/\/www.tiankii.com\/"},{"@type":"ListItem","position":2,"name":"Platform Overview"}]},{"@type":"WebSite","@id":"https:\/\/www.tiankii.com\/#website","url":"https:\/\/www.tiankii.com\/","name":"Tiankii","description":"","publisher":{"@id":"https:\/\/www.tiankii.com\/#organization"},"potentialAction":[{"@type":"SearchAction","target":{"@type":"EntryPoint","urlTemplate":"https:\/\/www.tiankii.com\/?s={search_term_string}"},"query-input":{"@type":"PropertyValueSpecification","valueRequired":true,"valueName":"search_term_string"}}],"inLanguage":"es"},{"@type":"Organization","@id":"https:\/\/www.tiankii.com\/#organization","name":"Tiankii","url":"https:\/\/www.tiankii.com\/","logo":{"@type":"ImageObject","inLanguage":"es","@id":"https:\/\/www.tiankii.com\/#\/schema\/logo\/image\/","url":"https:\/\/www.tiankii.com\/wp-content\/uploads\/sites\/4\/2025\/12\/Logotipo-blanco-gradiente-sin-fondo-2-1.png","contentUrl":"https:\/\/www.tiankii.com\/wp-content\/uploads\/sites\/4\/2025\/12\/Logotipo-blanco-gradiente-sin-fondo-2-1.png","width":1600,"height":582,"caption":"Tiankii"},"image":{"@id":"https:\/\/www.tiankii.com\/#\/schema\/logo\/image\/"}}]}},"_links":{"self":[{"href":"https:\/\/www.tiankii.com\/es\/wp-json\/wp\/v2\/pages\/287","targetHints":{"allow":["GET"]}}],"collection":[{"href":"https:\/\/www.tiankii.com\/es\/wp-json\/wp\/v2\/pages"}],"about":[{"href":"https:\/\/www.tiankii.com\/es\/wp-json\/wp\/v2\/types\/page"}],"author":[{"embeddable":true,"href":"https:\/\/www.tiankii.com\/es\/wp-json\/wp\/v2\/users\/4"}],"replies":[{"embeddable":true,"href":"https:\/\/www.tiankii.com\/es\/wp-json\/wp\/v2\/comments?post=287"}],"version-history":[{"count":14,"href":"https:\/\/www.tiankii.com\/es\/wp-json\/wp\/v2\/pages\/287\/revisions"}],"predecessor-version":[{"id":1694,"href":"https:\/\/www.tiankii.com\/es\/wp-json\/wp\/v2\/pages\/287\/revisions\/1694"}],"wp:attachment":[{"href":"https:\/\/www.tiankii.com\/es\/wp-json\/wp\/v2\/media?parent=287"}],"curies":[{"name":"wp","href":"https:\/\/api.w.org\/{rel}","templated":true}]}}