{"id":289,"date":"2025-07-17T01:10:30","date_gmt":"2025-07-17T01:10:30","guid":{"rendered":"https:\/\/ww1.tiankii.com\/?page_id=289"},"modified":"2025-12-17T21:41:49","modified_gmt":"2025-12-17T21:41:49","slug":"enterprise-grade-security-compliance","status":"publish","type":"page","link":"https:\/\/www.tiankii.com\/es\/enterprise-grade-security-compliance\/","title":{"rendered":"Seguridad y cumplimiento normativo de nivel empresarial"},"content":{"rendered":"<div class=\"wp-block-group alignfull has-background is-layout-constrained wp-container-core-group-is-layout-e6f1036d wp-block-group-is-layout-constrained\" style=\"background:linear-gradient(180deg,rgb(19,22,198) 84%,rgb(93,117,87) 95%);margin-top:0;margin-bottom:0;padding-top:0;padding-right:0;padding-bottom:0;padding-left:0;background-image:url(&#039;https:\/\/ww1.tiankii.com\/wp-content\/uploads\/sites\/4\/2025\/07\/20_2-1.jpg&#039;);background-size:cover;\">\n<div class=\"wp-block-cover\" style=\"margin-top:0;margin-bottom:0;padding-top:var(--wp--preset--spacing--50);padding-right:var(--wp--preset--spacing--40);padding-bottom:var(--wp--preset--spacing--50);padding-left:var(--wp--preset--spacing--40);min-height:635px;aspect-ratio:unset;\"><span aria-hidden=\"true\" class=\"wp-block-cover__background has-background-dim-70 has-background-dim has-background-gradient\" style=\"background:linear-gradient(176deg,rgb(241,122,53) 51%,rgb(143,8,247) 100%)\"><\/span><div class=\"wp-block-cover__inner-container is-layout-constrained wp-container-core-cover-is-layout-701fd9ca wp-block-cover-is-layout-constrained\">\n<p class=\"has-text-align-center has-light-color-color has-text-color has-link-color has-medium-font-size wp-elements-6a41c29de073fa2c8d90a1e37a9129b7\">Resumen de Plataforma<\/p>\n\n\n\n<h1 class=\"wp-block-heading has-text-align-center has-light-color-color has-text-color has-link-color has-xx-large-font-size wp-elements-f6d77a83d206c81395cca470cec8e056\" style=\"font-style:normal;font-weight:400;line-height:1.4\">Impulsando a las organizaciones con productos Bitcoin\u26a1\ufe0f de \u00faltima generaci\u00f3n<\/h1>\n\n\n\n<p class=\"has-text-align-center has-light-color-color has-text-color has-link-color has-medium-font-size wp-elements-ed0cbafd4d7279ee0987e89f823b90c9\">Liberando el poder de Bitcoin para todos<\/p>\n<\/div><\/div>\n<\/div>\n\n\n\n<div class=\"wp-block-group alignfull has-heading-color-background-color has-background is-layout-constrained wp-container-core-group-is-layout-e6f1036d wp-block-group-is-layout-constrained\" style=\"margin-top:0;margin-bottom:0;padding-top:0;padding-right:0;padding-bottom:0;padding-left:0\">\n<div class=\"wp-block-cover is-light wp-duotone-unset-1\" style=\"margin-top:0;margin-bottom:0;padding-top:0;padding-right:var(--wp--preset--spacing--40);padding-bottom:var(--wp--preset--spacing--60);padding-left:var(--wp--preset--spacing--40);min-height:286px;aspect-ratio:unset;\"><span aria-hidden=\"true\" class=\"wp-block-cover__background has-heading-color-background-color has-background-dim-0 has-background-dim\"><\/span><div class=\"wp-block-cover__inner-container is-layout-constrained wp-container-core-cover-is-layout-432ae571 wp-block-cover-is-layout-constrained\">\n<h1 class=\"wp-block-heading has-text-align-center has-light-color-color has-text-color has-link-color has-x-large-font-size wp-elements-4f4d6b52daed59003a4454fa888738c0\" style=\"font-style:normal;font-weight:500;line-height:1.3\">Plataforma Tiankii: Seguridad de Nivel Empresarial<\/h1>\n\n\n\n<p class=\"has-text-align-left has-background-color has-text-color has-link-color has-normal-font-size wp-elements-03ebb1ee9febb99c547a9eec1f1f58fa\">En Tiankii entendemos que la seguridad es fundamental, especialmente al manejar transacciones de Bitcoin de alto valor. Por eso, nuestra plataforma est\u00e1 construida sobre una base de medidas de seguridad s\u00f3lidas, garantizando la protecci\u00f3n y la fiabilidad de tus operaciones.\n\nAprovechamos la potencia y seguridad de la infraestructura global de Google para ofrecerte una experiencia de gesti\u00f3n de Bitcoin fluida y segura<\/p>\n\n\n\n<p class=\"has-text-align-center has-background-color has-text-color has-link-color wp-elements-7fb7b68c12cc5ec92388f0e05c7b83b2\">Seguridad sin concesiones, construida desde la base.<\/p>\n<\/div><\/div>\n\n\n\n<div class=\"wp-block-group is-nowrap is-layout-flex wp-container-core-group-is-layout-54aa40ad wp-block-group-is-layout-flex\" style=\"padding-right:var(--wp--preset--spacing--50);padding-bottom:var(--wp--preset--spacing--70);padding-left:var(--wp--preset--spacing--50)\">\n<div class=\"wp-block-columns has-light-color-color has-text-color has-link-color wp-elements-c6b3e188db779beb6ff264a6fcbf0878 is-layout-flex wp-container-core-columns-is-layout-28f84493 wp-block-columns-is-layout-flex\">\n<div class=\"wp-block-column is-layout-flow wp-block-column-is-layout-flow\">\n<h2 class=\"wp-block-heading has-light-color-color has-text-color has-link-color has-small-font-size wp-elements-0da85dcce858cd875a284affb5a0034e\"><strong>La Plataforma Tiankii est\u00e1 construida sobre la misma infraestructura segura que respalda algunos de los servicios m\u00e1s confiables del mundo. Esto significa:<\/strong><\/h2>\n\n\n\n<ul class=\"wp-block-list\">\n<li>Provisionamiento de Hardware y Seguridad de Datos\nTus datos est\u00e1n protegidos desde el momento en que ingresan a nuestro sistema, gracias al hardware y centros de datos de Google, rigurosamente asegurados. Esto incluye medidas de seguridad f\u00edsica, cifrado avanzado en hardware y monitoreo constante de amenazas.<\/li>\n\n\n\n<li>Alta Disponibilidad\nTiankii utiliza la infraestructura global distribuida de Google, lo que garantiza alta disponibilidad y redundancia. Tus servicios permanecen accesibles incluso en caso de interrupciones inesperadas.<\/li>\n\n\n\n<li>Seguridad en Capas\nNuestro enfoque de seguridad es multinivel: seguridad f\u00edsica, protecciones de hardware y software, adem\u00e1s de rigurosos procesos operativos. Este modelo proporciona m\u00faltiples l\u00edneas de defensa contra amenazas potenciales.<\/li>\n<\/ul>\n\n\n\n<p>Protecci\u00f3n de tus Datos en Bitcoin<\/p>\n\n\n\n<ul class=\"wp-block-list\">\n<li>Cifrado en Reposo\nTodos los datos almacenados en la Plataforma Tiankii est\u00e1n cifrados en reposo utilizando est\u00e1ndares de la industria como AES256 o AES128. Esto asegura que tus datos permanezcan confidenciales incluso si ocurre un acceso no autorizado al almacenamiento. Adem\u00e1s, empleamos un robusto sistema de gesti\u00f3n de claves con m\u00faltiples capas de cifrado para proteger las claves de tus datos.<\/li>\n\n\n\n<li>Cumplimiento Normativo\nLa Plataforma Tiankii cumple con los principales est\u00e1ndares y regulaciones de la industria, incluyendo SSAE 16, ISO 27001, PCI DSS v3.0 y HIPAA (cuando corresponda), asegurando que tus requisitos de cumplimiento se satisfagan.<\/li>\n<\/ul>\n\n\n\n<p>Comunicaci\u00f3n Segura<\/p>\n\n\n\n<ul class=\"wp-block-list\">\n<li>Comunicaci\u00f3n Segura por Internet\nLa Plataforma Tiankii a\u00edsla su infraestructura central de la red p\u00fablica, reduciendo al m\u00ednimo la exposici\u00f3n a amenazas. Todas las comunicaciones est\u00e1n protegidas con protocolos de cifrado est\u00e1ndar de la industria.<\/li>\n\n\n\n<li>Protecci\u00f3n contra Ataques DoS\nGracias a la infraestructura de Google, Tiankii cuenta con defensas multinivel y en varias capas contra ataques de Denegaci\u00f3n de Servicio (DoS), mitigando su impacto.<\/li>\n\n\n\n<li>Google Front End Service (GFE)\nNuestra integraci\u00f3n con GFE garantiza que todas las conexiones est\u00e9n aseguradas con TLS y Perfect Forward Secrecy, ofreciendo protecci\u00f3n mejorada contra escuchas. Adem\u00e1s, el GFE brinda defensas adicionales contra ataques de denegaci\u00f3n de servicio.<\/li>\n\n\n\n<li>Seguridad de Datos en Tr\u00e1nsito\nProteger tus datos durante el tr\u00e1nsito es una prioridad. Tiankii utiliza protocolos de cifrado robustos como TLS para asegurar las comunicaciones entre tus dispositivos y nuestra plataforma. Tambi\u00e9n ofrecemos opciones adicionales, como conexiones VPN seguras, para mayor seguridad.<\/li>\n<\/ul>\n<\/div>\n\n\n\n<div class=\"wp-block-column is-layout-flow wp-block-column-is-layout-flow\">\n<figure class=\"wp-block-image aligncenter size-full\"><img loading=\"lazy\" decoding=\"async\" width=\"680\" height=\"480\" src=\"https:\/\/ww1.tiankii.com\/wp-content\/uploads\/sites\/4\/2025\/07\/optimized_33_2_680x480.jpg\" alt=\"\" class=\"wp-image-959\" srcset=\"https:\/\/www.tiankii.com\/wp-content\/uploads\/sites\/4\/2025\/07\/optimized_33_2_680x480.jpg 680w, https:\/\/www.tiankii.com\/wp-content\/uploads\/sites\/4\/2025\/07\/optimized_33_2_680x480-300x212.jpg 300w, https:\/\/www.tiankii.com\/wp-content\/uploads\/sites\/4\/2025\/07\/optimized_33_2_680x480-18x12.jpg 18w\" sizes=\"auto, (max-width: 680px) 100vw, 680px\" \/><\/figure>\n<\/div>\n<\/div>\n<\/div>\n<\/div>\n\n\n\n<div class=\"wp-block-group has-dark-shade-color has-light-color-background-color has-text-color has-background has-link-color wp-elements-f84a0c44791cc1df826c0afae3fc3933 is-vertical is-layout-flex wp-container-core-group-is-layout-7dab712c wp-block-group-is-layout-flex\" style=\"padding-top:var(--wp--preset--spacing--80);padding-right:var(--wp--preset--spacing--50);padding-bottom:var(--wp--preset--spacing--80);padding-left:var(--wp--preset--spacing--50)\">\n<div class=\"wp-block-columns has-dark-shade-color has-text-color has-link-color wp-elements-929ae6132903981acafb443917417041 is-layout-flex wp-container-core-columns-is-layout-aa016f2c wp-block-columns-is-layout-flex\" style=\"padding-bottom:var(--wp--preset--spacing--50)\">\n<div class=\"wp-block-column is-layout-flow wp-block-column-is-layout-flow\">\n<figure class=\"wp-block-image aligncenter size-full\"><img loading=\"lazy\" decoding=\"async\" width=\"641\" height=\"547\" src=\"https:\/\/ww1.tiankii.com\/wp-content\/uploads\/sites\/4\/2025\/07\/optimized_30_2_642x547.jpg\" alt=\"\" class=\"wp-image-964\" srcset=\"https:\/\/www.tiankii.com\/wp-content\/uploads\/sites\/4\/2025\/07\/optimized_30_2_642x547.jpg 641w, https:\/\/www.tiankii.com\/wp-content\/uploads\/sites\/4\/2025\/07\/optimized_30_2_642x547-300x256.jpg 300w, https:\/\/www.tiankii.com\/wp-content\/uploads\/sites\/4\/2025\/07\/optimized_30_2_642x547-14x12.jpg 14w\" sizes=\"auto, (max-width: 641px) 100vw, 641px\" \/><\/figure>\n<\/div>\n\n\n\n<div class=\"wp-block-column is-layout-flow wp-block-column-is-layout-flow\">\n<h3 class=\"wp-block-heading has-text-align-center has-large-font-size\">Plataforma Tiankii: Preparada para Empresas<\/h3>\n\n\n\n<p>En el din\u00e1mico entorno digital de hoy, las empresas necesitan tecnolog\u00eda que no solo sea innovadora, sino tambi\u00e9n segura, escalable y confiable. La Plataforma Tiankii est\u00e1 dise\u00f1ada para un rendimiento de nivel empresarial, permiti\u00e9ndote integrar pagos en Bitcoin en tus operaciones de manera fluida, mientras mantienes los m\u00e1s altos est\u00e1ndares de seguridad y escalabilidad.\n\nAprovechamos tecnolog\u00eda de vanguardia e infraestructura de clase mundial para ofrecerte una soluci\u00f3n que impulsa el crecimiento y minimiza los riesgos.<\/p>\n\n\n\n<p>La Seguridad es Nuestra M\u00e1xima Prioridad<\/p>\n\n\n\n<p>Entendemos que la seguridad es esencial para las aplicaciones empresariales. Por eso, la Plataforma Tiankii est\u00e1 dise\u00f1ada con la seguridad en su n\u00facleo, implementando y cumpliendo las mejores pr\u00e1cticas y est\u00e1ndares de la industria m\u00e1s estrictos.\n\nNos apoyamos en la s\u00f3lida infraestructura de Google para garantizar el cumplimiento incluso de las necesidades de seguridad m\u00e1s exigentes.<\/p>\n\n\n\n<p>Funciones Clave de la Plataforma Tiankii para Empresas<\/p>\n\n\n\n<ul class=\"wp-block-list\">\n<li>Seguridad Inigualable\nAprovecha los m\u00e1s altos est\u00e1ndares de seguridad para datos en reposo y en tr\u00e1nsito, garantizando la m\u00e1xima protecci\u00f3n de tu informaci\u00f3n valiosa.<\/li>\n\n\n\n<li>Gesti\u00f3n de Accesos sin Fricciones\nUtiliza Single Sign-On (SSO) para administrar usuarios de forma eficiente y centralizada desde un directorio externo, simplificando la administraci\u00f3n y reforzando la seguridad.<\/li>\n\n\n\n<li>Integridad de Datos Garantizada\nConf\u00eda en protocolos HTTPS y SSL que protegen la integridad de tus datos en cada transacci\u00f3n.<\/li>\n\n\n\n<li>Redundancia Robusta de Datos\nDisfruta de copias de seguridad diarias y replicaci\u00f3n en cl\u00fasteres, asegurando alta disponibilidad y capacidad de recuperaci\u00f3n ante desastres. Tus datos siempre estar\u00e1n protegidos.<\/li>\n\n\n\n<li>CI\/CD y Opciones de Despliegue Flexibles\nElige la estrategia de despliegue que mejor equilibre tus necesidades de seguridad de datos y carga operativa, ofreciendo la m\u00e1xima flexibilidad.<\/li>\n\n\n\n<li>Integraciones sin Esfuerzo\nHabilita la portabilidad de datos, permitiendo extraer e ingresar informaci\u00f3n a tu aplicaci\u00f3n de manera fluida y fomentando la interoperabilidad.<\/li>\n\n\n\n<li>Registros de Auditor\u00eda Detallados\nMant\u00e9n un historial completo de toda la actividad de las cuentas, brindando a los administradores transparencia y trazabilidad total.<\/li>\n\n\n\n<li>Gesti\u00f3n de Cambios Simplificada\nDota a tus administradores de las herramientas necesarias para implementar nuevas funciones y actualizaciones de producto de forma \u00e1gil y eficiente.<\/li>\n\n\n\n<li>Soporte Dedicado\nContamos con SLAs de nivel empresarial y soporte especializado para garantizar tu \u00e9xito.<\/li>\n<\/ul>\n<\/div>\n<\/div>\n\n\n\n<h2 class=\"wp-block-heading\">\u00bfPor qu\u00e9 elegir Tiankii?<\/h2>\n\n\n\n<p class=\"has-dark-shade-color has-text-color has-link-color wp-elements-d1f4111b5de57fa9ea77cdd956b5534c\">La Plataforma Tiankii ofrece una combinaci\u00f3n \u00fanica de procesamiento de pagos en Bitcoin con seguridad, escalabilidad y confiabilidad de nivel empresarial.\n\nEstamos comprometidos en hacer que Bitcoin sea accesible para todos, incluidas empresas de todos los tama\u00f1os.<\/p>\n<\/div>\n\n\n\n<div class=\"wp-block-group alignfull has-background is-layout-constrained wp-container-core-group-is-layout-c3f79fca wp-block-group-is-layout-constrained\" style=\"background-color:#d37d2e;margin-top:0;margin-bottom:0;padding-top:var(--wp--preset--spacing--80);padding-right:var(--wp--preset--spacing--40);padding-bottom:var(--wp--preset--spacing--80);padding-left:var(--wp--preset--spacing--40)\">\n<div class=\"wp-block-columns are-vertically-aligned-center is-layout-flex wp-container-core-columns-is-layout-9299eddc wp-block-columns-is-layout-flex\" style=\"margin-top:0;margin-bottom:0;padding-top:0;padding-bottom:0\">\n<div class=\"wp-block-column is-vertically-aligned-center is-layout-flow wp-container-core-column-is-layout-119bc444 wp-block-column-is-layout-flow\">\n<h1 class=\"wp-block-heading has-text-align-left has-light-color-color has-text-color has-link-color wp-elements-daa82272d88ebc9d5dd7cb140229b950\" style=\"font-size:clamp(27.894px, 1.743rem + ((1vw - 3.2px) * 1.226), 48px);font-style:normal;font-weight:600;line-height:1.4\">Vive la diferencia Tiankii<\/h1>\n\n\n\n<p class=\"has-text-align-left has-background-color has-text-color has-link-color has-medium-font-size wp-elements-5e0908d854b5609fffb9396524faef8f\">\u00danete al futuro de los pagos en Bitcoin.\nCrea hoy mismo tu cuenta gratuita en Tiankii y experimenta la seguridad y confiabilidad de una plataforma dise\u00f1ada para la gesti\u00f3n de Bitcoin a nivel empresarial.<\/p>\n<\/div>\n\n\n\n<div class=\"wp-block-column is-vertically-aligned-center is-layout-flow wp-block-column-is-layout-flow\" style=\"flex-basis:25%\">\n<div class=\"wp-block-buttons is-style-button-zoom-on-hover is-content-justification-center is-layout-flex wp-container-core-buttons-is-layout-457817ba wp-block-buttons-is-layout-flex\" style=\"margin-top:0px\">\n<div class=\"wp-block-button is-style-button-hover-secondary-bgcolor cozy-button-hover-styles\" style=\"; --cozyButtonBgColorHover: #000000; --cozyButtonColorHover: ; --cozyButtonBorderHover: ; \"><a class=\"wp-block-button__link has-black-background-color has-text-color has-background has-link-color has-medium-font-size has-custom-font-size wp-element-button\" style=\"border-radius:10px;color:#d37d2e;padding-top:11px;padding-right:34px;padding-bottom:11px;padding-left:34px;font-style:normal;font-weight:400\">CONTACT US<\/a><\/div>\n<\/div>\n<\/div>\n<\/div>\n<\/div>","protected":false},"excerpt":{"rendered":"<p>The Tiankii Platform is built upon the same secure infrastructure that powers some of the world&#8217;s most trusted services. This means: Protecting Your Bitcoin Data: Secure Communication: Tiankii Platform: Enterprise Readiness In today&#8217;s rapidly evolving digital landscape, businesses need technology that&#8217;s not only innovative but also secure, scalable, and reliable. The Tiankii Platform is built&#8230;<\/p>","protected":false},"author":4,"featured_media":0,"parent":0,"menu_order":0,"comment_status":"closed","ping_status":"closed","template":"blank-with-header-footer","meta":{"footnotes":""},"class_list":["post-289","page","type-page","status-publish","hentry"],"yoast_head":"<!-- This site is optimized with the Yoast SEO plugin v25.3 - https:\/\/yoast.com\/wordpress\/plugins\/seo\/ -->\n<title>Enterprise-Ready Crypto Solutions Scalable &amp; Secure Blockchain<\/title>\n<meta name=\"description\" content=\"Tiankii provides enterprise-ready crypto solutions with scalable and secure blockchain integration. Empower your business with Bitcoin and digital payments. Get started today!\" \/>\n<meta name=\"robots\" content=\"index, follow, max-snippet:-1, max-image-preview:large, max-video-preview:-1\" \/>\n<link rel=\"canonical\" href=\"https:\/\/www.tiankii.com\/es\/enterprise-grade-security-compliance\/\" \/>\n<meta property=\"og:locale\" content=\"es_MX\" \/>\n<meta property=\"og:type\" content=\"article\" \/>\n<meta property=\"og:title\" content=\"Enterprise-Ready Crypto Solutions Scalable &amp; Secure Blockchain\" \/>\n<meta property=\"og:description\" content=\"Tiankii provides enterprise-ready crypto solutions with scalable and secure blockchain integration. Empower your business with Bitcoin and digital payments. Get started today!\" \/>\n<meta property=\"og:url\" content=\"https:\/\/www.tiankii.com\/es\/enterprise-grade-security-compliance\/\" \/>\n<meta property=\"og:site_name\" content=\"Tiankii\" \/>\n<meta property=\"article:modified_time\" content=\"2025-12-17T21:41:49+00:00\" \/>\n<meta property=\"og:image\" content=\"https:\/\/ww1.tiankii.com\/wp-content\/uploads\/sites\/4\/2025\/07\/optimized_33_2_680x480.jpg\" \/>\n<meta name=\"twitter:card\" content=\"summary_large_image\" \/>\n<meta name=\"twitter:label1\" content=\"Tiempo de lectura\" \/>\n\t<meta name=\"twitter:data1\" content=\"4 minutos\" \/>\n<script type=\"application\/ld+json\" class=\"yoast-schema-graph\">{\"@context\":\"https:\/\/schema.org\",\"@graph\":[{\"@type\":\"WebPage\",\"@id\":\"https:\/\/www.tiankii.com\/enterprise-grade-security-compliance\/\",\"url\":\"https:\/\/www.tiankii.com\/enterprise-grade-security-compliance\/\",\"name\":\"Enterprise-Ready Crypto Solutions Scalable & Secure Blockchain\",\"isPartOf\":{\"@id\":\"https:\/\/www.tiankii.com\/#website\"},\"primaryImageOfPage\":{\"@id\":\"https:\/\/www.tiankii.com\/enterprise-grade-security-compliance\/#primaryimage\"},\"image\":{\"@id\":\"https:\/\/www.tiankii.com\/enterprise-grade-security-compliance\/#primaryimage\"},\"thumbnailUrl\":\"https:\/\/ww1.tiankii.com\/wp-content\/uploads\/sites\/4\/2025\/07\/optimized_33_2_680x480.jpg\",\"datePublished\":\"2025-07-17T01:10:30+00:00\",\"dateModified\":\"2025-12-17T21:41:49+00:00\",\"description\":\"Tiankii provides enterprise-ready crypto solutions with scalable and secure blockchain integration. Empower your business with Bitcoin and digital payments. Get started today!\",\"breadcrumb\":{\"@id\":\"https:\/\/www.tiankii.com\/enterprise-grade-security-compliance\/#breadcrumb\"},\"inLanguage\":\"es\",\"potentialAction\":[{\"@type\":\"ReadAction\",\"target\":[\"https:\/\/www.tiankii.com\/enterprise-grade-security-compliance\/\"]}]},{\"@type\":\"ImageObject\",\"inLanguage\":\"es\",\"@id\":\"https:\/\/www.tiankii.com\/enterprise-grade-security-compliance\/#primaryimage\",\"url\":\"https:\/\/ww1.tiankii.com\/wp-content\/uploads\/sites\/4\/2025\/07\/optimized_33_2_680x480.jpg\",\"contentUrl\":\"https:\/\/ww1.tiankii.com\/wp-content\/uploads\/sites\/4\/2025\/07\/optimized_33_2_680x480.jpg\"},{\"@type\":\"BreadcrumbList\",\"@id\":\"https:\/\/www.tiankii.com\/enterprise-grade-security-compliance\/#breadcrumb\",\"itemListElement\":[{\"@type\":\"ListItem\",\"position\":1,\"name\":\"Home\",\"item\":\"https:\/\/www.tiankii.com\/\"},{\"@type\":\"ListItem\",\"position\":2,\"name\":\"Enterprise Grade Security &amp; Compliance\"}]},{\"@type\":\"WebSite\",\"@id\":\"https:\/\/www.tiankii.com\/#website\",\"url\":\"https:\/\/www.tiankii.com\/\",\"name\":\"Tiankii\",\"description\":\"\",\"publisher\":{\"@id\":\"https:\/\/www.tiankii.com\/#organization\"},\"potentialAction\":[{\"@type\":\"SearchAction\",\"target\":{\"@type\":\"EntryPoint\",\"urlTemplate\":\"https:\/\/www.tiankii.com\/?s={search_term_string}\"},\"query-input\":{\"@type\":\"PropertyValueSpecification\",\"valueRequired\":true,\"valueName\":\"search_term_string\"}}],\"inLanguage\":\"es\"},{\"@type\":\"Organization\",\"@id\":\"https:\/\/www.tiankii.com\/#organization\",\"name\":\"Tiankii\",\"url\":\"https:\/\/www.tiankii.com\/\",\"logo\":{\"@type\":\"ImageObject\",\"inLanguage\":\"es\",\"@id\":\"https:\/\/www.tiankii.com\/#\/schema\/logo\/image\/\",\"url\":\"https:\/\/www.tiankii.com\/wp-content\/uploads\/sites\/4\/2025\/12\/Logotipo-blanco-gradiente-sin-fondo-2-1.png\",\"contentUrl\":\"https:\/\/www.tiankii.com\/wp-content\/uploads\/sites\/4\/2025\/12\/Logotipo-blanco-gradiente-sin-fondo-2-1.png\",\"width\":1600,\"height\":582,\"caption\":\"Tiankii\"},\"image\":{\"@id\":\"https:\/\/www.tiankii.com\/#\/schema\/logo\/image\/\"}}]}<\/script>\n<!-- \/ Yoast SEO plugin. -->","yoast_head_json":{"title":"Enterprise-Ready Crypto Solutions Scalable & Secure Blockchain","description":"Tiankii provides enterprise-ready crypto solutions with scalable and secure blockchain integration. Empower your business with Bitcoin and digital payments. Get started today!","robots":{"index":"index","follow":"follow","max-snippet":"max-snippet:-1","max-image-preview":"max-image-preview:large","max-video-preview":"max-video-preview:-1"},"canonical":"https:\/\/www.tiankii.com\/es\/enterprise-grade-security-compliance\/","og_locale":"es_MX","og_type":"article","og_title":"Enterprise-Ready Crypto Solutions Scalable & Secure Blockchain","og_description":"Tiankii provides enterprise-ready crypto solutions with scalable and secure blockchain integration. Empower your business with Bitcoin and digital payments. Get started today!","og_url":"https:\/\/www.tiankii.com\/es\/enterprise-grade-security-compliance\/","og_site_name":"Tiankii","article_modified_time":"2025-12-17T21:41:49+00:00","og_image":[{"url":"https:\/\/ww1.tiankii.com\/wp-content\/uploads\/sites\/4\/2025\/07\/optimized_33_2_680x480.jpg","type":"","width":"","height":""}],"twitter_card":"summary_large_image","twitter_misc":{"Tiempo de lectura":"4 minutos"},"schema":{"@context":"https:\/\/schema.org","@graph":[{"@type":"WebPage","@id":"https:\/\/www.tiankii.com\/enterprise-grade-security-compliance\/","url":"https:\/\/www.tiankii.com\/enterprise-grade-security-compliance\/","name":"Enterprise-Ready Crypto Solutions Scalable & Secure Blockchain","isPartOf":{"@id":"https:\/\/www.tiankii.com\/#website"},"primaryImageOfPage":{"@id":"https:\/\/www.tiankii.com\/enterprise-grade-security-compliance\/#primaryimage"},"image":{"@id":"https:\/\/www.tiankii.com\/enterprise-grade-security-compliance\/#primaryimage"},"thumbnailUrl":"https:\/\/ww1.tiankii.com\/wp-content\/uploads\/sites\/4\/2025\/07\/optimized_33_2_680x480.jpg","datePublished":"2025-07-17T01:10:30+00:00","dateModified":"2025-12-17T21:41:49+00:00","description":"Tiankii provides enterprise-ready crypto solutions with scalable and secure blockchain integration. Empower your business with Bitcoin and digital payments. Get started today!","breadcrumb":{"@id":"https:\/\/www.tiankii.com\/enterprise-grade-security-compliance\/#breadcrumb"},"inLanguage":"es","potentialAction":[{"@type":"ReadAction","target":["https:\/\/www.tiankii.com\/enterprise-grade-security-compliance\/"]}]},{"@type":"ImageObject","inLanguage":"es","@id":"https:\/\/www.tiankii.com\/enterprise-grade-security-compliance\/#primaryimage","url":"https:\/\/ww1.tiankii.com\/wp-content\/uploads\/sites\/4\/2025\/07\/optimized_33_2_680x480.jpg","contentUrl":"https:\/\/ww1.tiankii.com\/wp-content\/uploads\/sites\/4\/2025\/07\/optimized_33_2_680x480.jpg"},{"@type":"BreadcrumbList","@id":"https:\/\/www.tiankii.com\/enterprise-grade-security-compliance\/#breadcrumb","itemListElement":[{"@type":"ListItem","position":1,"name":"Home","item":"https:\/\/www.tiankii.com\/"},{"@type":"ListItem","position":2,"name":"Enterprise Grade Security &amp; Compliance"}]},{"@type":"WebSite","@id":"https:\/\/www.tiankii.com\/#website","url":"https:\/\/www.tiankii.com\/","name":"Tiankii","description":"","publisher":{"@id":"https:\/\/www.tiankii.com\/#organization"},"potentialAction":[{"@type":"SearchAction","target":{"@type":"EntryPoint","urlTemplate":"https:\/\/www.tiankii.com\/?s={search_term_string}"},"query-input":{"@type":"PropertyValueSpecification","valueRequired":true,"valueName":"search_term_string"}}],"inLanguage":"es"},{"@type":"Organization","@id":"https:\/\/www.tiankii.com\/#organization","name":"Tiankii","url":"https:\/\/www.tiankii.com\/","logo":{"@type":"ImageObject","inLanguage":"es","@id":"https:\/\/www.tiankii.com\/#\/schema\/logo\/image\/","url":"https:\/\/www.tiankii.com\/wp-content\/uploads\/sites\/4\/2025\/12\/Logotipo-blanco-gradiente-sin-fondo-2-1.png","contentUrl":"https:\/\/www.tiankii.com\/wp-content\/uploads\/sites\/4\/2025\/12\/Logotipo-blanco-gradiente-sin-fondo-2-1.png","width":1600,"height":582,"caption":"Tiankii"},"image":{"@id":"https:\/\/www.tiankii.com\/#\/schema\/logo\/image\/"}}]}},"_links":{"self":[{"href":"https:\/\/www.tiankii.com\/es\/wp-json\/wp\/v2\/pages\/289","targetHints":{"allow":["GET"]}}],"collection":[{"href":"https:\/\/www.tiankii.com\/es\/wp-json\/wp\/v2\/pages"}],"about":[{"href":"https:\/\/www.tiankii.com\/es\/wp-json\/wp\/v2\/types\/page"}],"author":[{"embeddable":true,"href":"https:\/\/www.tiankii.com\/es\/wp-json\/wp\/v2\/users\/4"}],"replies":[{"embeddable":true,"href":"https:\/\/www.tiankii.com\/es\/wp-json\/wp\/v2\/comments?post=289"}],"version-history":[{"count":15,"href":"https:\/\/www.tiankii.com\/es\/wp-json\/wp\/v2\/pages\/289\/revisions"}],"predecessor-version":[{"id":1692,"href":"https:\/\/www.tiankii.com\/es\/wp-json\/wp\/v2\/pages\/289\/revisions\/1692"}],"wp:attachment":[{"href":"https:\/\/www.tiankii.com\/es\/wp-json\/wp\/v2\/media?parent=289"}],"curies":[{"name":"wp","href":"https:\/\/api.w.org\/{rel}","templated":true}]}}