{"id":49,"date":"2025-07-15T14:22:28","date_gmt":"2025-07-15T14:22:28","guid":{"rendered":"https:\/\/ww1.tiankii.com\/?page_id=49"},"modified":"2025-09-05T16:29:10","modified_gmt":"2025-09-05T16:29:10","slug":"contact-sales","status":"publish","type":"page","link":"https:\/\/www.tiankii.com\/es\/contact-sales\/","title":{"rendered":"Contacto de Ventas"},"content":{"rendered":"<div class=\"wp-block-group alignfull has-heading-color-background-color has-background is-layout-constrained wp-container-core-group-is-layout-e6f1036d wp-block-group-is-layout-constrained\" style=\"margin-top:0;margin-bottom:0;padding-top:0;padding-right:0;padding-bottom:0;padding-left:0\">\n<div class=\"wp-block-group is-layout-constrained wp-container-core-group-is-layout-7a6dec83 wp-block-group-is-layout-constrained\" style=\"margin-top:0;margin-bottom:0;padding-top:var(--wp--preset--spacing--30);padding-right:var(--wp--preset--spacing--40);padding-bottom:var(--wp--preset--spacing--40);padding-left:var(--wp--preset--spacing--40)\">\n<div class=\"wp-block-group is-layout-constrained wp-container-core-group-is-layout-98935599 wp-block-group-is-layout-constrained\" style=\"margin-bottom:60px;padding-right:var(--wp--preset--spacing--50);padding-left:var(--wp--preset--spacing--50)\">\n<div class=\"wp-block-group is-content-justification-left is-layout-constrained wp-container-core-group-is-layout-427925ea wp-block-group-is-layout-constrained\">\n<h1 class=\"wp-block-heading has-light-color-color has-text-color has-link-color wp-elements-b3a0c762c98be11f984cec6834c7b7c4\" style=\"font-style:normal;font-weight:800\">Cont\u00e1ctanos<\/h1>\n\n\n\n<p class=\"has-text-align-left has-light-color-color has-text-color has-link-color wp-elements-13660802a74761839082bdc498b739cc\" style=\"font-size:clamp(14px, 0.875rem + ((1vw - 3.2px) * 0.244), 18px);line-height:1.7\">\u00a1Bienvenido a Tiankii! Por favor, usa este formulario para ponerte en contacto con nosotros.<\/p>\n<\/div>\n\n\n\n<div class=\"wp-block-zoho-zoho-forms\"><iframe loading=\"lazy\" height=\"600px\" width=\"100%\" frameborder=\"0\" allow=\"geolocation;microphone;camera\" src=\"https:\/\/forms.zohopublic.com\/gotkii\/form\/ContactSales\/formperma\/vWUpUsFrgt--4Qf_OwuqLw2gitTfNLsd97Bk5BDb8po\" aria-label=\"tiankiicom\/contactsalesmain\"> <\/iframe><\/div>\n<\/div>\n\n\n\n<div class=\"wp-block-columns is-layout-flex wp-container-core-columns-is-layout-28f84493 wp-block-columns-is-layout-flex\">\n<div class=\"wp-block-column has-light-color-color has-text-color has-link-color has-normal-font-size wp-elements-3101e6465a340baa2e3f93b6a40d1154 is-layout-flow wp-block-column-is-layout-flow\">\n<figure class=\"wp-block-image aligncenter size-full\"><img loading=\"lazy\" decoding=\"async\" width=\"40\" height=\"40\" src=\"https:\/\/ww1.tiankii.com\/wp-content\/uploads\/sites\/4\/2025\/09\/icon-image-24.png\" alt=\"\" class=\"wp-image-1127\" srcset=\"https:\/\/www.tiankii.com\/wp-content\/uploads\/sites\/4\/2025\/09\/icon-image-24.png 40w, https:\/\/www.tiankii.com\/wp-content\/uploads\/sites\/4\/2025\/09\/icon-image-24-12x12.png 12w\" sizes=\"auto, (max-width: 40px) 100vw, 40px\" \/><\/figure>\n\n\n\n<p class=\"has-text-align-center has-medium-font-size\" style=\"margin-top:var(--wp--preset--spacing--40);margin-bottom:var(--wp--preset--spacing--40)\"><strong>TIANKII S.A. DE C.V.<\/strong><\/p>\n\n\n\n<p class=\"has-text-align-center\" style=\"margin-top:0;margin-bottom:0\">World Trade Center &#8211; SnBx<\/p>\n\n\n\n<p class=\"has-text-align-center\" style=\"margin-top:0;margin-bottom:0\">87 Avenida Norte Colonia Escal\u00f3n, San Salvador CP1101<\/p>\n\n\n\n<p class=\"has-text-align-center\" style=\"margin-top:0;margin-bottom:0\">El Salvador<\/p>\n<\/div>\n\n\n\n<div class=\"wp-block-column has-light-color-color has-text-color has-link-color has-normal-font-size wp-elements-f72a9fcf85bedfc122f6dde1ad3dbeec is-layout-flow wp-block-column-is-layout-flow\">\n<figure class=\"wp-block-image aligncenter size-full\"><img loading=\"lazy\" decoding=\"async\" width=\"40\" height=\"40\" src=\"https:\/\/ww1.tiankii.com\/wp-content\/uploads\/sites\/4\/2025\/09\/icon-image-25.png\" alt=\"\" class=\"wp-image-1128\" srcset=\"https:\/\/www.tiankii.com\/wp-content\/uploads\/sites\/4\/2025\/09\/icon-image-25.png 40w, https:\/\/www.tiankii.com\/wp-content\/uploads\/sites\/4\/2025\/09\/icon-image-25-12x12.png 12w\" sizes=\"auto, (max-width: 40px) 100vw, 40px\" \/><\/figure>\n\n\n\n<p class=\"has-text-align-center has-light-color-color has-text-color has-link-color has-big-font-size wp-elements-16ce040c77545e7627a6755175d8cfc8\" style=\"margin-top:var(--wp--preset--spacing--30);margin-bottom:var(--wp--preset--spacing--30)\"><strong>Soporte<\/strong><\/p>\n\n\n\n<p class=\"has-text-align-center\" style=\"margin-top:0;margin-bottom:0\">\u00a1Estamos a tu disposici\u00f3n! Si tienes alg\u00fan&nbsp;<\/p>\n\n\n\n<p class=\"has-text-align-center\" style=\"margin-top:0;margin-bottom:0\">problema t\u00e9cnico, contacta con nuestro&nbsp;<\/p>\n\n\n\n<p class=\"has-text-align-center\" style=\"margin-top:0;margin-bottom:0\">equipo de soporte.<br>Visit&nbsp;<a href=\"https:\/\/help.tiankii.com\/portal\/home\" target=\"_blank\" rel=\"noreferrer noopener\">Help Center Here<\/a><\/p>\n<\/div>\n\n\n\n<div class=\"wp-block-column has-light-color-color has-text-color has-link-color has-normal-font-size wp-elements-d222e45bca206aac4eec62005de29e64 is-layout-flow wp-block-column-is-layout-flow\">\n<figure class=\"wp-block-image aligncenter size-full\"><img loading=\"lazy\" decoding=\"async\" width=\"40\" height=\"40\" src=\"https:\/\/ww1.tiankii.com\/wp-content\/uploads\/sites\/4\/2025\/09\/icon-image-26.png\" alt=\"\" class=\"wp-image-1129\" srcset=\"https:\/\/www.tiankii.com\/wp-content\/uploads\/sites\/4\/2025\/09\/icon-image-26.png 40w, https:\/\/www.tiankii.com\/wp-content\/uploads\/sites\/4\/2025\/09\/icon-image-26-12x12.png 12w\" sizes=\"auto, (max-width: 40px) 100vw, 40px\" \/><\/figure>\n\n\n\n<p class=\"has-text-align-center has-big-font-size\" style=\"margin-top:var(--wp--preset--spacing--40);margin-bottom:var(--wp--preset--spacing--40)\"><strong>V\u00eda redes sociales<\/strong><\/p>\n\n\n\n<p class=\"has-text-align-center\">S\u00edguenos en:<\/p>\n\n\n\n<ul class=\"wp-block-social-links is-content-justification-center is-layout-flex wp-container-core-social-links-is-layout-a89b3969 wp-block-social-links-is-layout-flex\"><li class=\"wp-social-link wp-social-link-instagram  wp-block-social-link\"><a href=\"https:\/\/www.instagram.com\/tiankii_tech\/\" class=\"wp-block-social-link-anchor\"><svg width=\"24\" height=\"24\" viewbox=\"0 0 24 24\" version=\"1.1\" xmlns=\"http:\/\/www.w3.org\/2000\/svg\" aria-hidden=\"true\" focusable=\"false\"><path d=\"M12,4.622c2.403,0,2.688,0.009,3.637,0.052c0.877,0.04,1.354,0.187,1.671,0.31c0.42,0.163,0.72,0.358,1.035,0.673 c0.315,0.315,0.51,0.615,0.673,1.035c0.123,0.317,0.27,0.794,0.31,1.671c0.043,0.949,0.052,1.234,0.052,3.637 s-0.009,2.688-0.052,3.637c-0.04,0.877-0.187,1.354-0.31,1.671c-0.163,0.42-0.358,0.72-0.673,1.035 c-0.315,0.315-0.615,0.51-1.035,0.673c-0.317,0.123-0.794,0.27-1.671,0.31c-0.949,0.043-1.233,0.052-3.637,0.052 s-2.688-0.009-3.637-0.052c-0.877-0.04-1.354-0.187-1.671-0.31c-0.42-0.163-0.72-0.358-1.035-0.673 c-0.315-0.315-0.51-0.615-0.673-1.035c-0.123-0.317-0.27-0.794-0.31-1.671C4.631,14.688,4.622,14.403,4.622,12 s0.009-2.688,0.052-3.637c0.04-0.877,0.187-1.354,0.31-1.671c0.163-0.42,0.358-0.72,0.673-1.035 c0.315-0.315,0.615-0.51,1.035-0.673c0.317-0.123,0.794-0.27,1.671-0.31C9.312,4.631,9.597,4.622,12,4.622 M12,3 C9.556,3,9.249,3.01,8.289,3.054C7.331,3.098,6.677,3.25,6.105,3.472C5.513,3.702,5.011,4.01,4.511,4.511 c-0.5,0.5-0.808,1.002-1.038,1.594C3.25,6.677,3.098,7.331,3.054,8.289C3.01,9.249,3,9.556,3,12c0,2.444,0.01,2.751,0.054,3.711 c0.044,0.958,0.196,1.612,0.418,2.185c0.23,0.592,0.538,1.094,1.038,1.594c0.5,0.5,1.002,0.808,1.594,1.038 c0.572,0.222,1.227,0.375,2.185,0.418C9.249,20.99,9.556,21,12,21s2.751-0.01,3.711-0.054c0.958-0.044,1.612-0.196,2.185-0.418 c0.592-0.23,1.094-0.538,1.594-1.038c0.5-0.5,0.808-1.002,1.038-1.594c0.222-0.572,0.375-1.227,0.418-2.185 C20.99,14.751,21,14.444,21,12s-0.01-2.751-0.054-3.711c-0.044-0.958-0.196-1.612-0.418-2.185c-0.23-0.592-0.538-1.094-1.038-1.594 c-0.5-0.5-1.002-0.808-1.594-1.038c-0.572-0.222-1.227-0.375-2.185-0.418C14.751,3.01,14.444,3,12,3L12,3z M12,7.378 c-2.552,0-4.622,2.069-4.622,4.622S9.448,16.622,12,16.622s4.622-2.069,4.622-4.622S14.552,7.378,12,7.378z M12,15 c-1.657,0-3-1.343-3-3s1.343-3,3-3s3,1.343,3,3S13.657,15,12,15z M16.804,6.116c-0.596,0-1.08,0.484-1.08,1.08 s0.484,1.08,1.08,1.08c0.596,0,1.08-0.484,1.08-1.08S17.401,6.116,16.804,6.116z\"><\/path><\/svg><span class=\"wp-block-social-link-label screen-reader-text\">Instagram<\/span><\/a><\/li>\n\n<li class=\"wp-social-link wp-social-link-facebook  wp-block-social-link\"><a href=\"https:\/\/www.facebook.com\/tiankiiTech\/\" class=\"wp-block-social-link-anchor\"><svg width=\"24\" height=\"24\" viewbox=\"0 0 24 24\" version=\"1.1\" xmlns=\"http:\/\/www.w3.org\/2000\/svg\" aria-hidden=\"true\" focusable=\"false\"><path d=\"M12 2C6.5 2 2 6.5 2 12c0 5 3.7 9.1 8.4 9.9v-7H7.9V12h2.5V9.8c0-2.5 1.5-3.9 3.8-3.9 1.1 0 2.2.2 2.2.2v2.5h-1.3c-1.2 0-1.6.8-1.6 1.6V12h2.8l-.4 2.9h-2.3v7C18.3 21.1 22 17 22 12c0-5.5-4.5-10-10-10z\"><\/path><\/svg><span class=\"wp-block-social-link-label screen-reader-text\">Facebook<\/span><\/a><\/li>\n\n<li class=\"wp-social-link wp-social-link-linkedin  wp-block-social-link\"><a href=\"https:\/\/www.linkedin.com\/company\/tiankii\/\" class=\"wp-block-social-link-anchor\"><svg width=\"24\" height=\"24\" viewbox=\"0 0 24 24\" version=\"1.1\" xmlns=\"http:\/\/www.w3.org\/2000\/svg\" aria-hidden=\"true\" focusable=\"false\"><path d=\"M19.7,3H4.3C3.582,3,3,3.582,3,4.3v15.4C3,20.418,3.582,21,4.3,21h15.4c0.718,0,1.3-0.582,1.3-1.3V4.3 C21,3.582,20.418,3,19.7,3z M8.339,18.338H5.667v-8.59h2.672V18.338z M7.004,8.574c-0.857,0-1.549-0.694-1.549-1.548 c0-0.855,0.691-1.548,1.549-1.548c0.854,0,1.547,0.694,1.547,1.548C8.551,7.881,7.858,8.574,7.004,8.574z M18.339,18.338h-2.669 v-4.177c0-0.996-0.017-2.278-1.387-2.278c-1.389,0-1.601,1.086-1.601,2.206v4.249h-2.667v-8.59h2.559v1.174h0.037 c0.356-0.675,1.227-1.387,2.526-1.387c2.703,0,3.203,1.779,3.203,4.092V18.338z\"><\/path><\/svg><span class=\"wp-block-social-link-label screen-reader-text\">LinkedIn<\/span><\/a><\/li>\n\n<li class=\"wp-social-link wp-social-link-telegram  wp-block-social-link\"><a href=\"https:\/\/t.me\/tiankiiTelegram\" class=\"wp-block-social-link-anchor\"><svg width=\"24\" height=\"24\" viewbox=\"0 0 128 128\" version=\"1.1\" xmlns=\"http:\/\/www.w3.org\/2000\/svg\" aria-hidden=\"true\" focusable=\"false\"><path d=\"M28.9700376,63.3244248 C47.6273373,55.1957357 60.0684594,49.8368063 66.2934036,47.2476366 C84.0668845,39.855031 87.7600616,38.5708563 90.1672227,38.528 C90.6966555,38.5191258 91.8804274,38.6503351 92.6472251,39.2725385 C93.294694,39.7979149 93.4728387,40.5076237 93.5580865,41.0057381 C93.6433345,41.5038525 93.7494885,42.63857 93.6651041,43.5252052 C92.7019529,53.6451182 88.5344133,78.2034783 86.4142057,89.5379542 C85.5170662,94.3339958 83.750571,95.9420841 82.0403991,96.0994568 C78.3237996,96.4414641 75.5015827,93.6432685 71.9018743,91.2836143 C66.2690414,87.5912212 63.0868492,85.2926952 57.6192095,81.6896017 C51.3004058,77.5256038 55.3966232,75.2369981 58.9976911,71.4967761 C59.9401076,70.5179421 76.3155302,55.6232293 76.6324771,54.2720454 C76.6721165,54.1030573 76.7089039,53.4731496 76.3346867,53.1405352 C75.9604695,52.8079208 75.4081573,52.921662 75.0095933,53.0121213 C74.444641,53.1403447 65.4461175,59.0880351 48.0140228,70.8551922 C45.4598218,72.6091037 43.1463059,73.4636682 41.0734751,73.4188859 C38.7883453,73.3695169 34.3926725,72.1268388 31.1249416,71.0646282 C27.1169366,69.7617838 23.931454,69.0729605 24.208838,66.8603276 C24.3533167,65.7078514 25.9403832,64.5292172 28.9700376,63.3244248 Z\" \/><\/svg><span class=\"wp-block-social-link-label screen-reader-text\">Telegram<\/span><\/a><\/li><\/ul>\n<\/div>\n<\/div>\n<\/div>\n<\/div>","protected":false},"excerpt":{"rendered":"<p>Contact Us Welcome to tiankii ! Please use this form to get in touch with us. TIANKII S.A. DE C.V. World Trade Center &#8211; SnBx 87 Avenida Norte Colonia Escal\u00f3n, San Salvador CP1101 El Salvador Support \u00a1Estamos a tu disposici\u00f3n! Si tienes alg\u00fan&nbsp; problema t\u00e9cnico, contacta con nuestro&nbsp; equipo de soporte.Visit&nbsp;Help Center Here Via Social&#8230;<\/p>","protected":false},"author":4,"featured_media":0,"parent":0,"menu_order":0,"comment_status":"closed","ping_status":"closed","template":"blank-with-header-footer","meta":{"footnotes":""},"class_list":["post-49","page","type-page","status-publish","hentry"],"yoast_head":"<!-- This site is optimized with the Yoast SEO plugin v25.3 - https:\/\/yoast.com\/wordpress\/plugins\/seo\/ -->\n<title>Contact Tiankii | Get in Touch for Crypto &amp; Blockchain Solutions<\/title>\n<meta name=\"description\" content=\"Reach out to Tiankii for expert guidance on crypto payments, blockchain solutions, and Bitcoin integration for your business. Contact us today to get started!\" \/>\n<meta name=\"robots\" content=\"index, follow, max-snippet:-1, max-image-preview:large, max-video-preview:-1\" \/>\n<link rel=\"canonical\" href=\"https:\/\/www.tiankii.com\/es\/contact-sales\/\" \/>\n<meta property=\"og:locale\" content=\"es_MX\" \/>\n<meta property=\"og:type\" content=\"article\" \/>\n<meta property=\"og:title\" content=\"Contact Tiankii | Get in Touch for Crypto &amp; Blockchain Solutions\" \/>\n<meta property=\"og:description\" content=\"Reach out to Tiankii for expert guidance on crypto payments, blockchain solutions, and Bitcoin integration for your business. Contact us today to get started!\" \/>\n<meta property=\"og:url\" content=\"https:\/\/www.tiankii.com\/es\/contact-sales\/\" \/>\n<meta property=\"og:site_name\" content=\"Tiankii\" \/>\n<meta property=\"article:modified_time\" content=\"2025-09-05T16:29:10+00:00\" \/>\n<meta property=\"og:image\" content=\"https:\/\/ww1.tiankii.com\/wp-content\/uploads\/sites\/4\/2025\/09\/icon-image-24.png\" \/>\n<meta name=\"twitter:card\" content=\"summary_large_image\" \/>\n<meta name=\"twitter:label1\" content=\"Tiempo de lectura\" \/>\n\t<meta name=\"twitter:data1\" content=\"1 minuto\" \/>\n<script type=\"application\/ld+json\" class=\"yoast-schema-graph\">{\"@context\":\"https:\/\/schema.org\",\"@graph\":[{\"@type\":\"WebPage\",\"@id\":\"https:\/\/www.tiankii.com\/contact-sales\/\",\"url\":\"https:\/\/www.tiankii.com\/contact-sales\/\",\"name\":\"Contact Tiankii | Get in Touch for Crypto & Blockchain Solutions\",\"isPartOf\":{\"@id\":\"https:\/\/www.tiankii.com\/#website\"},\"primaryImageOfPage\":{\"@id\":\"https:\/\/www.tiankii.com\/contact-sales\/#primaryimage\"},\"image\":{\"@id\":\"https:\/\/www.tiankii.com\/contact-sales\/#primaryimage\"},\"thumbnailUrl\":\"https:\/\/ww1.tiankii.com\/wp-content\/uploads\/sites\/4\/2025\/09\/icon-image-24.png\",\"datePublished\":\"2025-07-15T14:22:28+00:00\",\"dateModified\":\"2025-09-05T16:29:10+00:00\",\"description\":\"Reach out to Tiankii for expert guidance on crypto payments, blockchain solutions, and Bitcoin integration for your business. Contact us today to get started!\",\"breadcrumb\":{\"@id\":\"https:\/\/www.tiankii.com\/contact-sales\/#breadcrumb\"},\"inLanguage\":\"es\",\"potentialAction\":[{\"@type\":\"ReadAction\",\"target\":[\"https:\/\/www.tiankii.com\/contact-sales\/\"]}]},{\"@type\":\"ImageObject\",\"inLanguage\":\"es\",\"@id\":\"https:\/\/www.tiankii.com\/contact-sales\/#primaryimage\",\"url\":\"https:\/\/ww1.tiankii.com\/wp-content\/uploads\/sites\/4\/2025\/09\/icon-image-24.png\",\"contentUrl\":\"https:\/\/ww1.tiankii.com\/wp-content\/uploads\/sites\/4\/2025\/09\/icon-image-24.png\"},{\"@type\":\"BreadcrumbList\",\"@id\":\"https:\/\/www.tiankii.com\/contact-sales\/#breadcrumb\",\"itemListElement\":[{\"@type\":\"ListItem\",\"position\":1,\"name\":\"Home\",\"item\":\"https:\/\/www.tiankii.com\/\"},{\"@type\":\"ListItem\",\"position\":2,\"name\":\"Contact Sales\"}]},{\"@type\":\"WebSite\",\"@id\":\"https:\/\/www.tiankii.com\/#website\",\"url\":\"https:\/\/www.tiankii.com\/\",\"name\":\"Tiankii\",\"description\":\"\",\"publisher\":{\"@id\":\"https:\/\/www.tiankii.com\/#organization\"},\"potentialAction\":[{\"@type\":\"SearchAction\",\"target\":{\"@type\":\"EntryPoint\",\"urlTemplate\":\"https:\/\/www.tiankii.com\/?s={search_term_string}\"},\"query-input\":{\"@type\":\"PropertyValueSpecification\",\"valueRequired\":true,\"valueName\":\"search_term_string\"}}],\"inLanguage\":\"es\"},{\"@type\":\"Organization\",\"@id\":\"https:\/\/www.tiankii.com\/#organization\",\"name\":\"Tiankii\",\"url\":\"https:\/\/www.tiankii.com\/\",\"logo\":{\"@type\":\"ImageObject\",\"inLanguage\":\"es\",\"@id\":\"https:\/\/www.tiankii.com\/#\/schema\/logo\/image\/\",\"url\":\"https:\/\/www.tiankii.com\/wp-content\/uploads\/sites\/4\/2025\/12\/Logotipo-blanco-gradiente-sin-fondo-2-1.png\",\"contentUrl\":\"https:\/\/www.tiankii.com\/wp-content\/uploads\/sites\/4\/2025\/12\/Logotipo-blanco-gradiente-sin-fondo-2-1.png\",\"width\":1600,\"height\":582,\"caption\":\"Tiankii\"},\"image\":{\"@id\":\"https:\/\/www.tiankii.com\/#\/schema\/logo\/image\/\"}}]}<\/script>\n<!-- \/ Yoast SEO plugin. -->","yoast_head_json":{"title":"Contact Tiankii | Get in Touch for Crypto & Blockchain Solutions","description":"Reach out to Tiankii for expert guidance on crypto payments, blockchain solutions, and Bitcoin integration for your business. Contact us today to get started!","robots":{"index":"index","follow":"follow","max-snippet":"max-snippet:-1","max-image-preview":"max-image-preview:large","max-video-preview":"max-video-preview:-1"},"canonical":"https:\/\/www.tiankii.com\/es\/contact-sales\/","og_locale":"es_MX","og_type":"article","og_title":"Contact Tiankii | Get in Touch for Crypto & Blockchain Solutions","og_description":"Reach out to Tiankii for expert guidance on crypto payments, blockchain solutions, and Bitcoin integration for your business. Contact us today to get started!","og_url":"https:\/\/www.tiankii.com\/es\/contact-sales\/","og_site_name":"Tiankii","article_modified_time":"2025-09-05T16:29:10+00:00","og_image":[{"url":"https:\/\/ww1.tiankii.com\/wp-content\/uploads\/sites\/4\/2025\/09\/icon-image-24.png","type":"","width":"","height":""}],"twitter_card":"summary_large_image","twitter_misc":{"Tiempo de lectura":"1 minuto"},"schema":{"@context":"https:\/\/schema.org","@graph":[{"@type":"WebPage","@id":"https:\/\/www.tiankii.com\/contact-sales\/","url":"https:\/\/www.tiankii.com\/contact-sales\/","name":"Contact Tiankii | Get in Touch for Crypto & Blockchain Solutions","isPartOf":{"@id":"https:\/\/www.tiankii.com\/#website"},"primaryImageOfPage":{"@id":"https:\/\/www.tiankii.com\/contact-sales\/#primaryimage"},"image":{"@id":"https:\/\/www.tiankii.com\/contact-sales\/#primaryimage"},"thumbnailUrl":"https:\/\/ww1.tiankii.com\/wp-content\/uploads\/sites\/4\/2025\/09\/icon-image-24.png","datePublished":"2025-07-15T14:22:28+00:00","dateModified":"2025-09-05T16:29:10+00:00","description":"Reach out to Tiankii for expert guidance on crypto payments, blockchain solutions, and Bitcoin integration for your business. Contact us today to get started!","breadcrumb":{"@id":"https:\/\/www.tiankii.com\/contact-sales\/#breadcrumb"},"inLanguage":"es","potentialAction":[{"@type":"ReadAction","target":["https:\/\/www.tiankii.com\/contact-sales\/"]}]},{"@type":"ImageObject","inLanguage":"es","@id":"https:\/\/www.tiankii.com\/contact-sales\/#primaryimage","url":"https:\/\/ww1.tiankii.com\/wp-content\/uploads\/sites\/4\/2025\/09\/icon-image-24.png","contentUrl":"https:\/\/ww1.tiankii.com\/wp-content\/uploads\/sites\/4\/2025\/09\/icon-image-24.png"},{"@type":"BreadcrumbList","@id":"https:\/\/www.tiankii.com\/contact-sales\/#breadcrumb","itemListElement":[{"@type":"ListItem","position":1,"name":"Home","item":"https:\/\/www.tiankii.com\/"},{"@type":"ListItem","position":2,"name":"Contact Sales"}]},{"@type":"WebSite","@id":"https:\/\/www.tiankii.com\/#website","url":"https:\/\/www.tiankii.com\/","name":"Tiankii","description":"","publisher":{"@id":"https:\/\/www.tiankii.com\/#organization"},"potentialAction":[{"@type":"SearchAction","target":{"@type":"EntryPoint","urlTemplate":"https:\/\/www.tiankii.com\/?s={search_term_string}"},"query-input":{"@type":"PropertyValueSpecification","valueRequired":true,"valueName":"search_term_string"}}],"inLanguage":"es"},{"@type":"Organization","@id":"https:\/\/www.tiankii.com\/#organization","name":"Tiankii","url":"https:\/\/www.tiankii.com\/","logo":{"@type":"ImageObject","inLanguage":"es","@id":"https:\/\/www.tiankii.com\/#\/schema\/logo\/image\/","url":"https:\/\/www.tiankii.com\/wp-content\/uploads\/sites\/4\/2025\/12\/Logotipo-blanco-gradiente-sin-fondo-2-1.png","contentUrl":"https:\/\/www.tiankii.com\/wp-content\/uploads\/sites\/4\/2025\/12\/Logotipo-blanco-gradiente-sin-fondo-2-1.png","width":1600,"height":582,"caption":"Tiankii"},"image":{"@id":"https:\/\/www.tiankii.com\/#\/schema\/logo\/image\/"}}]}},"_links":{"self":[{"href":"https:\/\/www.tiankii.com\/es\/wp-json\/wp\/v2\/pages\/49","targetHints":{"allow":["GET"]}}],"collection":[{"href":"https:\/\/www.tiankii.com\/es\/wp-json\/wp\/v2\/pages"}],"about":[{"href":"https:\/\/www.tiankii.com\/es\/wp-json\/wp\/v2\/types\/page"}],"author":[{"embeddable":true,"href":"https:\/\/www.tiankii.com\/es\/wp-json\/wp\/v2\/users\/4"}],"replies":[{"embeddable":true,"href":"https:\/\/www.tiankii.com\/es\/wp-json\/wp\/v2\/comments?post=49"}],"version-history":[{"count":8,"href":"https:\/\/www.tiankii.com\/es\/wp-json\/wp\/v2\/pages\/49\/revisions"}],"predecessor-version":[{"id":1134,"href":"https:\/\/www.tiankii.com\/es\/wp-json\/wp\/v2\/pages\/49\/revisions\/1134"}],"wp:attachment":[{"href":"https:\/\/www.tiankii.com\/es\/wp-json\/wp\/v2\/media?parent=49"}],"curies":[{"name":"wp","href":"https:\/\/api.w.org\/{rel}","templated":true}]}}